{"id":18106,"date":"2019-12-06T15:47:37","date_gmt":"2019-12-06T13:47:37","guid":{"rendered":"http:\/\/humanwirtschaftspartei.de\/?page_id=18106"},"modified":"2025-09-16T10:00:27","modified_gmt":"2025-09-16T08:00:27","slug":"wahlen","status":"publish","type":"page","link":"https:\/\/humanwirtschaftspartei.de\/?page_id=18106","title":{"rendered":"Wahlen"},"content":{"rendered":"\n<p>Nat&uuml;rlich m&ouml;chten wir als Partei auch an Wahlen teilnehmen. Nur  haben die einzelnen Wahlgesetze des Bundes und der L&auml;nder H&uuml;rden  eingebaut, welche es zu &uuml;berwinden gilt.   <br>Dazu brauchen wir Eure Hilfe!  <\/p>\n\n\n\n<p>Sie w&auml;ren bereit zu kandidieren oder eine Unterst&uuml;tzungsunterschrift zu leisten ?<br>Dann bitte melden unter info@humanwirtschaftspartei.de oder  015731004200<\/p>\n\n\n\n<hr class=\"wp-block-separator has-alpha-channel-opacity\">\n\n\n\n<h4 class=\"wp-block-heading\">K&uuml;nftige Wahltermine in Deutschland<\/h4>\n\n\n\n<p>Die &Uuml;bersicht enth&auml;lt den genauen Wahltermin erst, nachdem er offiziell bekanntgegeben wurde. Angaben zu Landtags- und Kommunalwahlen ohne Gew&auml;hr.<\/p>\n\n\n\n<figure class=\"wp-block-table\"><table class=\"has-fixed-layout\"><thead><tr><th>Jahr<\/th><th>Datum<\/th><th>Land<\/th><th>Art<\/th><th>Turnus<\/th><\/tr><\/thead><tbody><tr><th rowspan=\"7\">2026<\/th><td>Fr&uuml;hjahr &nbsp;<\/td><td>Baden-W&uuml;rttemberg,<br>Rheinland-Pfalz<\/td><td>Landtagswahl<\/td><td>5 Jahre<\/td><\/tr><tr><td>Fr&uuml;hjahr &nbsp;<\/td><td>Bayern<\/td><td>Kommunalwahl<\/td><td>6 Jahre<\/td><\/tr><tr><td>Fr&uuml;hjahr &nbsp;<\/td><td>Hessen<\/td><td>Kommunalwahl<\/td><td>5 Jahre<\/td><\/tr><tr><td>Sommer &nbsp;<\/td><td>Sachsen-Anhalt<\/td><td>Landtagswahl<\/td><td>5 Jahre<\/td><\/tr><tr><td>Herbst &nbsp;<\/td><td>Berlin<\/td><td>Wahl zum Abgeordnetenhaus<\/td><td>5 Jahre<\/td><\/tr><tr><td>Herbst &nbsp;<\/td><td>Mecklenburg-Vorpommern<\/td><td>Landtagswahl<\/td><td>5 Jahre<\/td><\/tr><tr><td>Herbst &nbsp;<\/td><td>Niedersachsen<\/td><td>Kommunalwahl<\/td><td>5 Jahre<\/td><\/tr><\/tbody><\/table><\/figure>\n","protected":false},"excerpt":{"rendered":"<p>Nat\u00fcrlich m\u00f6chten wir als Partei auch an Wahlen teilnehmen. Nur haben die einzelnen Wahlgesetze des Bundes und der L\u00e4nder H\u00fcrden eingebaut, welche es zu \u00fcberwinden &hellip; <\/p>\n","protected":false},"author":238,"featured_media":0,"parent":1052,"menu_order":28,"comment_status":"closed","ping_status":"closed","template":"","meta":{"_coblocks_attr":"","_coblocks_dimensions":"","_coblocks_responsive_height":"","_coblocks_accordion_ie_support":"","_uag_custom_page_level_css":"","advgb_blocks_editor_width":"","advgb_blocks_columns_visual_guide":"","footnotes":""},"class_list":["post-18106","page","type-page","status-publish","hentry"],"uagb_featured_image_src":{"full":false,"thumbnail":false,"medium":false,"medium_large":false,"large":false,"tf-client-image-size":false,"1536x1536":false,"2048x2048":false,"bam-large":false,"bam-featured":false,"bam-list":false,"bam-thumb":false,"bam-small":false,"mailpoet_newsletter_max":false,"audioigniter_cover":false,"tptn_thumbnail":false},"uagb_author_info":{"display_name":"Web Master","author_link":"https:\/\/humanwirtschaftspartei.de\/?author=238"},"uagb_comment_info":0,"uagb_excerpt":"Nat\u00fcrlich m\u00f6chten wir als Partei auch an Wahlen teilnehmen. Nur haben die einzelnen Wahlgesetze des Bundes und der L\u00e4nder H\u00fcrden eingebaut, welche es zu \u00fcberwinden &hellip;","coauthors":[],"author_meta":{"author_link":"https:\/\/humanwirtschaftspartei.de\/?author=238","display_name":"Web Master"},"relative_dates":{"created":"Ver\u00f6ffentlicht 6\u00a0Jahren vor","modified":"Aktualisiert 7\u00a0Monaten vor"},"absolute_dates":{"created":"Ver\u00f6ffentlicht am 6. Dezember 2019","modified":"Aktualisiert am 16. September 2025"},"absolute_dates_time":{"created":"Ver\u00f6ffentlicht am 6. Dezember 2019 15:47","modified":"Aktualisiert am 16. September 2025 10:00"},"featured_img_caption":"","featured_img":false,"series_order":"","_links":{"self":[{"href":"https:\/\/humanwirtschaftspartei.de\/index.php?rest_route=\/wp\/v2\/pages\/18106","targetHints":{"allow":["GET"]}}],"collection":[{"href":"https:\/\/humanwirtschaftspartei.de\/index.php?rest_route=\/wp\/v2\/pages"}],"about":[{"href":"https:\/\/humanwirtschaftspartei.de\/index.php?rest_route=\/wp\/v2\/types\/page"}],"author":[{"embeddable":true,"href":"https:\/\/humanwirtschaftspartei.de\/index.php?rest_route=\/wp\/v2\/users\/238"}],"replies":[{"embeddable":true,"href":"https:\/\/humanwirtschaftspartei.de\/index.php?rest_route=%2Fwp%2Fv2%2Fcomments&post=18106"}],"version-history":[{"count":17,"href":"https:\/\/humanwirtschaftspartei.de\/index.php?rest_route=\/wp\/v2\/pages\/18106\/revisions"}],"predecessor-version":[{"id":24664,"href":"https:\/\/humanwirtschaftspartei.de\/index.php?rest_route=\/wp\/v2\/pages\/18106\/revisions\/24664"}],"up":[{"embeddable":true,"href":"https:\/\/humanwirtschaftspartei.de\/index.php?rest_route=\/wp\/v2\/pages\/1052"}],"wp:attachment":[{"href":"https:\/\/humanwirtschaftspartei.de\/index.php?rest_route=%2Fwp%2Fv2%2Fmedia&parent=18106"}],"curies":[{"name":"wp","href":"https:\/\/api.w.org\/{rel}","templated":true}]}}