{"id":823,"date":"2014-01-31T15:56:25","date_gmt":"2014-01-31T13:56:25","guid":{"rendered":"http:\/\/humanwirtschaftspartei.de\/?page_id=823"},"modified":"2024-07-26T19:56:44","modified_gmt":"2024-07-26T17:56:44","slug":"konzept","status":"publish","type":"page","link":"https:\/\/humanwirtschaftspartei.de\/?page_id=823","title":{"rendered":"Konzept"},"content":{"rendered":"\n<h3 class=\"margin-down wp-block-heading\">St&uuml;nden Euro, Dollar, Rubel auf gleicher Stufe mit den Dingen, die man daf&uuml;r kaufen kann&hellip;<\/h3>\n\n\n\n<p><strong>&hellip;k&ouml;nnten alle Menschen dieser Erde satt werden.<\/strong> Sie k&ouml;nnten in behaglichen R&auml;umen leben, &uuml;ber sauberes Wasser verf&uuml;gen und saubere Luft atmen. Und w&auml;ren somit weit ges&uuml;nder als sie es heute sind.<\/p>\n\n\n\n<p><strong>&hellip;w&uuml;rde nicht aus Angst vor Hunger gestohlen, gepl&uuml;ndert und gemordet werden.<\/strong> Es k&ouml;nnten alle Menschen in Sicherheit leben, unversehrt bleiben und sich entsprechend ihren F&auml;higkeiten und Neigungen gesund und kreativ entwickeln.<\/p>\n\n\n\n<p><strong>&hellip;k&ouml;nnten sich alle Menschen mehr f&uuml;r das Gemeinwohl einsetzen.<\/strong> Jeder k&ouml;nnte sich gem&auml;&szlig; seinen gewachsenen F&auml;higkeiten in viel st&auml;rkerem Ma&szlig;e um seine Mitmenschen k&uuml;mmern. Keine Frau m&uuml;sste mehr 10 Kinder zur Welt bringen, weil davon nur 3 &uuml;berleben.<\/p>\n\n\n\n<p><strong>&hellip;k&ouml;nnten sich alle Menschen ihren Lebensunterhalt aus eigener Kraft verdienen.<\/strong> Sie w&auml;ren wirtschaftlich unabh&auml;ngig und frei. Gleichzeitig k&ouml;nnten sie wirklich f&uuml;r ihr Alter vorsorgen und sich auf diesen Lebensabschnitt freuen. Die wenigen ernsthaft Kranken k&ouml;nnten leicht von der Gemeinschaft versorgt werden, wodurch ihr Los deutlich gelindert w&uuml;rde.<\/p>\n\n\n\n<p><strong>&hellip;k&ouml;nnten Frauen und M&auml;nner auf Augenh&ouml;he Seite an Seite stehen.<\/strong> Sie w&auml;ren erstmals Partner von Natur aus. Die Problemfelder Hunger, Krieg, Verrohung (Gewalt), Unterdr&uuml;ckung, Ausbeutung, Bev&ouml;lkerungsexplosion und viele andere mehr w&uuml;rden in die Geschichtsb&uuml;cher verbannt werden.<\/p>\n\n\n\n<p><strong>Die Begr&uuml;ndung daf&uuml;r findet sich auf den nachfolgenden Internetseiten.<\/strong><\/p>\n\n\n\n<div class=\"wp-block-button alignright is-style-outline is-style-outline--1\"><a class=\"wp-block-button__link has-background has-vivid-green-cyan-background-color\" href=\"http:\/\/humanwirtschaftspartei.de\/?page_id=829\" style=\"border-radius:10px\">Rundgang <\/a><\/div>\n","protected":false},"excerpt":{"rendered":"<p>St\u00fcnden Euro, Dollar, Rubel auf gleicher Stufe mit den Dingen, die man daf\u00fcr kaufen kann&#8230; &#8230;k\u00f6nnten alle Menschen dieser Erde satt werden. Sie k\u00f6nnten in &hellip; <\/p>\n","protected":false},"author":238,"featured_media":21572,"parent":0,"menu_order":80,"comment_status":"open","ping_status":"closed","template":"","meta":{"_coblocks_attr":"","_coblocks_dimensions":"","_coblocks_responsive_height":"","_coblocks_accordion_ie_support":"","_uag_custom_page_level_css":"","advgb_blocks_editor_width":"","advgb_blocks_columns_visual_guide":"","footnotes":""},"class_list":["post-823","page","type-page","status-publish","has-post-thumbnail","hentry"],"uagb_featured_image_src":{"full":["https:\/\/humanwirtschaftspartei.de\/wp-content\/uploads\/2024\/07\/1721748426957-scaled.jpg",2560,1919,false],"thumbnail":["https:\/\/humanwirtschaftspartei.de\/wp-content\/uploads\/2024\/07\/1721748426957-150x112.jpg",150,112,true],"medium":["https:\/\/humanwirtschaftspartei.de\/wp-content\/uploads\/2024\/07\/1721748426957-300x225.jpg",300,225,true],"medium_large":["https:\/\/humanwirtschaftspartei.de\/wp-content\/uploads\/2024\/07\/1721748426957-768x576.jpg",768,576,true],"large":["https:\/\/humanwirtschaftspartei.de\/wp-content\/uploads\/2024\/07\/1721748426957-1024x768.jpg",1024,768,true],"tf-client-image-size":["https:\/\/humanwirtschaftspartei.de\/wp-content\/uploads\/2024\/07\/1721748426957-120x120.jpg",120,120,true],"1536x1536":["https:\/\/humanwirtschaftspartei.de\/wp-content\/uploads\/2024\/07\/1721748426957-1536x1152.jpg",1536,1152,true],"2048x2048":["https:\/\/humanwirtschaftspartei.de\/wp-content\/uploads\/2024\/07\/1721748426957-2048x1535.jpg",2048,1535,true],"bam-large":["https:\/\/humanwirtschaftspartei.de\/wp-content\/uploads\/2024\/07\/1721748426957-1400x800.jpg",1400,800,true],"bam-featured":["https:\/\/humanwirtschaftspartei.de\/wp-content\/uploads\/2024\/07\/1721748426957-890x530.jpg",890,530,true],"bam-list":["https:\/\/humanwirtschaftspartei.de\/wp-content\/uploads\/2024\/07\/1721748426957-700x465.jpg",700,465,true],"bam-thumb":["https:\/\/humanwirtschaftspartei.de\/wp-content\/uploads\/2024\/07\/1721748426957-445x265.jpg",445,265,true],"bam-small":["https:\/\/humanwirtschaftspartei.de\/wp-content\/uploads\/2024\/07\/1721748426957-120x85.jpg",120,85,true],"mailpoet_newsletter_max":["https:\/\/humanwirtschaftspartei.de\/wp-content\/uploads\/2024\/07\/1721748426957-1320x990.jpg",1320,990,true],"audioigniter_cover":["https:\/\/humanwirtschaftspartei.de\/wp-content\/uploads\/2024\/07\/1721748426957-scaled.jpg",560,420,false],"tptn_thumbnail":["https:\/\/humanwirtschaftspartei.de\/wp-content\/uploads\/2024\/07\/1721748426957-250x250.jpg",250,250,true]},"uagb_author_info":{"display_name":"Web Master","author_link":"https:\/\/humanwirtschaftspartei.de\/?author=238"},"uagb_comment_info":1,"uagb_excerpt":"St\u00fcnden Euro, Dollar, Rubel auf gleicher Stufe mit den Dingen, die man daf\u00fcr kaufen kann&#8230; &#8230;k\u00f6nnten alle Menschen dieser Erde satt werden. Sie k\u00f6nnten in &hellip;","coauthors":[],"author_meta":{"author_link":"https:\/\/humanwirtschaftspartei.de\/?author=238","display_name":"Web Master"},"relative_dates":{"created":"Ver\u00f6ffentlicht 12\u00a0Jahren vor","modified":"Aktualisiert 2\u00a0Jahren vor"},"absolute_dates":{"created":"Ver\u00f6ffentlicht am 31. Januar 2014","modified":"Aktualisiert am 26. Juli 2024"},"absolute_dates_time":{"created":"Ver\u00f6ffentlicht am 31. Januar 2014 15:56","modified":"Aktualisiert am 26. Juli 2024 19:56"},"featured_img_caption":"","featured_img":"https:\/\/humanwirtschaftspartei.de\/wp-content\/uploads\/2024\/07\/1721748426957-scaled.jpg","series_order":"","_links":{"self":[{"href":"https:\/\/humanwirtschaftspartei.de\/index.php?rest_route=\/wp\/v2\/pages\/823","targetHints":{"allow":["GET"]}}],"collection":[{"href":"https:\/\/humanwirtschaftspartei.de\/index.php?rest_route=\/wp\/v2\/pages"}],"about":[{"href":"https:\/\/humanwirtschaftspartei.de\/index.php?rest_route=\/wp\/v2\/types\/page"}],"author":[{"embeddable":true,"href":"https:\/\/humanwirtschaftspartei.de\/index.php?rest_route=\/wp\/v2\/users\/238"}],"replies":[{"embeddable":true,"href":"https:\/\/humanwirtschaftspartei.de\/index.php?rest_route=%2Fwp%2Fv2%2Fcomments&post=823"}],"version-history":[{"count":5,"href":"https:\/\/humanwirtschaftspartei.de\/index.php?rest_route=\/wp\/v2\/pages\/823\/revisions"}],"predecessor-version":[{"id":18115,"href":"https:\/\/humanwirtschaftspartei.de\/index.php?rest_route=\/wp\/v2\/pages\/823\/revisions\/18115"}],"wp:featuredmedia":[{"embeddable":true,"href":"https:\/\/humanwirtschaftspartei.de\/index.php?rest_route=\/wp\/v2\/media\/21572"}],"wp:attachment":[{"href":"https:\/\/humanwirtschaftspartei.de\/index.php?rest_route=%2Fwp%2Fv2%2Fmedia&parent=823"}],"curies":[{"name":"wp","href":"https:\/\/api.w.org\/{rel}","templated":true}]}}