{"id":850,"date":"2014-01-31T17:05:06","date_gmt":"2014-01-31T15:05:06","guid":{"rendered":"http:\/\/humanwirtschaftspartei.de\/?page_id=850"},"modified":"2019-12-09T10:53:12","modified_gmt":"2019-12-09T08:53:12","slug":"2-1-freigeld","status":"publish","type":"page","link":"https:\/\/humanwirtschaftspartei.de\/?page_id=850","title":{"rendered":"2.1 Freigeld"},"content":{"rendered":"\n<h3 class=\"margin-down wp-block-heading\">Der Handlungsbedarf<\/h3>\n\n\n\n<p>Der gr&ouml;&szlig;te Nachteil unseres derzeitigen Geldes ist, dass es nicht nur die &ouml;ffentliche Einrichtung &ldquo;Allgemeines Tauschmittel&rdquo;&nbsp;ist, sondern dass es gleichzeitig v&ouml;llig legal dem Kreislauf entzogen werden kann, in dem es zur&uuml;ckgehalten oder zur Spekulation eingesetzt wird. Diesem Widerspruch entspringt der Zins.<\/p>\n\n\n\n<p>Das Geld kann solange zur&uuml;ckgehalten werden, bis das Angebot des Geldes auf dem Kapitalmarkt einen die Geldbesitzer zufriedenstellenden Zins abwirft. Dieser &bdquo;Geldstreik&ldquo; tritt regelm&auml;&szlig;ig ein, wenn der Kapitalmarktzins unter circa 2,5 % zu fallen droht. Das derzeitige System belohnt diejenigen, die Geld zur&uuml;ckhalten und es erst gegen entsprechende Zinsen oder Renditen zur Verf&uuml;gung stellen.<\/p>\n\n\n\n<p>Zur&uuml;ckgehaltenes Geld fehlt jedoch im Wirtschaftskreislauf f&uuml;r Investitionen und Konsum. Das Ergebnis: die Konjunktur bricht ein. Einen Ausweg aus diesem Dilemma gibt es nicht dadurch, dass der Staat an dieser Stelle mit immer neuen Schulden einspringt, sondern erst dann, wenn diejenigen, die Geld zur&uuml;ckhalten, Verluste zu erwarten haben.<\/p>\n\n\n\n<p>Erst wenn Waren- und Zahlungsverkehr sich zu jeder Zeit in &Uuml;bereinstimmung befinden, Angebot und Nachfrage sich also decken, gibt es eine stabile Konjunktur. Diese stabile Konjunktur kann nur aufrechterhalten werden, wenn die Geldmenge gesteuert werden kann. Kann die Geldmenge gesteuert werden, geh&ouml;ren die kapitalistischen Wirtschaftskrisen durch Inflation und Deflation der Vergangenheit an.<\/p>\n\n\n\n<p>Der Erfolg der Geldmengensteuerung h&auml;ngt aber nicht nur von der Menge der emittierten Scheine ab, sondern auch davon, dass das Geld stetig uml&auml;uft. Die Steuerung der Geldmenge ist daher heute praktisch unm&ouml;glich, weil die Umlaufgeschwindigkeit des Geldes keine verl&auml;sslich kalkulierbare Gr&ouml;&szlig;e ist. Diesen zentralen Fehler des heutigen Geldsystems behebt das Freigeld.<\/p>\n\n\n\n<hr class=\"wp-block-separator\">\n\n\n\n<h3 class=\"wp-block-heading\">Die Ma&szlig;nahmen<\/h3>\n\n\n\n<p>Um ein <strong>funktionierendes Geldwesen<\/strong> zu schaffen, in dem das Geld seine Aufgabe als &ouml;ffentliches Tauschmittel ohne Einschr&auml;nkungen erf&uuml;llt, sind folgende Voraussetzungen n&ouml;tig:<\/p>\n\n\n\n<blockquote class=\"wp-block-quote is-layout-flow wp-block-quote-is-layout-flow\"><p>1.&nbsp;Es wird ein unabh&auml;ngiges <strong>W&auml;hrungsamt<\/strong> eingerichtet, dessen alleinige Aufgabe es ist, die W&auml;hrung stabil zu halten.\n<\/p><p>2.&nbsp;Um dies zu erreichen, erhebt das W&auml;hrungsamt eine <strong>Geb&uuml;hr auf Bargeld<\/strong>. Diese Geb&uuml;hr, auch &bdquo;Umlaufsicherung&ldquo; genannt, sorgt daf&uuml;r, dass das Bargeld stetig uml&auml;uft.<\/p><\/blockquote>\n\n\n\n<hr class=\"wp-block-separator\">\n\n\n\n<h3 class=\"wp-block-heading\">Geldmengensteuerung<\/h3>\n\n\n\n<p>Dem W&auml;hrungsamt, welches an die Stelle der Zentralbank tritt, f&auml;llt die Aufgabe zu, die Wirtschaft mit der angemessenen Geldmenge zu versorgen. Das W&auml;hrungsamt l&auml;sst Banknoten und M&uuml;nzen herstellen und gibt sie in Umlauf. Es sorgt &uuml;ber die Regulierung der Geldmenge daf&uuml;r, dass der Warendurchschnittspreis stabil bleibt. Ein fallender Preisindex zeigt an, dass sich zuwenig Geld im Umlauf befindet. Das W&auml;hrungsamt gibt dann weiteres Bargeld in den Kreislauf. Weist ein steigender Preisindex auf eine zu gro&szlig;e umlaufende Bargeldmenge hin, zieht das W&auml;hrungsamt Geld aus dem Kreislauf ein.<\/p>\n\n\n\n<h3 class=\"wp-block-heading\">Umlaufsicherung des Geldes<\/h3>\n\n\n\n<p>Ziel der Umlaufsicherung ist, dass die ausgegebene Geldmenge stetig uml&auml;uft. Das Geld wird dadurch umlaufgesichert, dass die vorhandenen Banknoten in Abst&auml;nden gegen neue Scheine ausgetauscht werden. Dabei wird eine Geb&uuml;hr von den jeweiligen Bargeldbesitzern erhoben. Dies gilt f&uuml;r alle nat&uuml;rlichen wie juristischen Personen, einschlie&szlig;lich aller Banken, Finanzinstitute, Beh&ouml;rden, usw.<br>Geldsurrogate, wie Sichtguthaben, elektronische Geldkarten oder Kreditkarten sind von der Einzahlung von Bargeld abh&auml;ngig. Sie brauchen daher nicht zus&auml;tzlich umlaufgesichert zu werden. Umlaufgeb&uuml;hren, welche die Banken f&uuml;r ihre Bargeldbest&auml;nde zu zahlen haben, werden sie auf die Konten ihrer Kunden umlegen. Je langfristiger das Geld angelegt ist, desto geringer werden die anfallenden Geb&uuml;hrenanteile sein.<\/p>\n\n\n\n<hr class=\"wp-block-separator\">\n\n\n\n<h3 class=\"wp-block-heading\">Die Auswirkungen<\/h3>\n\n\n\n<h3 class=\"wp-block-heading\">Stetig umlaufendes Geld<\/h3>\n\n\n\n<p>Wegen der beim Geldumtausch f&auml;lligen Umlaufgeb&uuml;hr werden alle Menschen ein Interesse daran haben, Bargeld entweder auszugeben, Schulden zu bezahlen oder es zur Bank zu bringen.<\/p>\n\n\n\n<h3 class=\"wp-block-heading\">Stabiler Preisstand<\/h3>\n\n\n\n<p>Ein stabiler allgemeiner Preisstand ist die zentrale Voraussetzung f&uuml;r eine krisenfreie Wirtschaft. Weil das W&auml;hrungsamt dank der Umlaufsicherung gewiss sein kann, dass das ausgegebene Geld tats&auml;chlich uml&auml;uft, kann es die Geldmenge zuverl&auml;ssig so steuern, dass der durchschnittliche Preisstand (Preisindex) stabil bleibt. Als Folge davon wird die Konjunktur verstetigt und die Wirtschaft nicht mehr durch unvorhersehbare &Uuml;ber- oder Unterangebote von Geld verunsichert und gest&ouml;rt. Inflation&auml;re und deflation&auml;re Entwicklungen gibt es dann nicht mehr.<\/p>\n\n\n\n<h3 class=\"wp-block-heading\">Sinkende Zinsen<\/h3>\n\n\n\n<p>Ein zunehmendes Kreditangebot l&auml;sst in der HUMANWIRTSCHAFT die Zinsen gegen Null tendieren, zum Vorteil f&uuml;r alle Unternehmen und Konsumenten. Insbesondere werden die Mieter entlastet, da die Mieten nicht mehr mit Hypothekenzinsen belastet sind.<\/p>\n\n\n\n<h3 class=\"wp-block-heading\">Steigende Arbeitseinkommen<\/h3>\n\n\n\n<p>Wenn die Zinsen sinken, haben die Anbieter von Waren und Dienstleistungen weniger Kapitalkosten. In der Folge steigen zun&auml;chst die Unternehmergewinne. Dies schafft den Anreiz, die Produktion auszuweiten oder neue Unternehmen zu gr&uuml;nden, was zu einer steigenden Nachfrage nach Arbeitskr&auml;ften f&uuml;hrt. Deswegen werden in gleichem Umfang, in dem das Zinsniveau sinkt, L&ouml;hne und Geh&auml;lter ansteigen. Die Arbeitenden werden schlie&szlig;lich ihren vollen, nicht durch Zinslasten geschm&auml;lerten, Arbeitsertrag bekommen.<\/p>\n\n\n\n<h3 class=\"wp-block-heading\">Steigende Nachfrage<\/h3>\n\n\n\n<p>Wenn die Arbeitseinkommen steigen, w&auml;chst die Nachfrage nach Waren und Dienstleistungen. In der ersten Zeit nach Einf&uuml;hrung der umlaufgesicherten W&auml;hrung geschieht dies insbesondere deshalb, weil ein Nachholbedarf zu befriedigen ist. Langfristig wird sich die Wirtschaft so entwickeln, dass die angebotenen Waren und Dienstleistungen insgesamt ihre K&auml;ufer finden und es keine Absatzkrisen mehr gibt.<\/p>\n\n\n\n<h3 class=\"wp-block-heading\">Vollbesch&auml;ftigung<\/h3>\n\n\n\n<p>Vollbesch&auml;ftigung ist dann m&ouml;glich, wenn die Nachfrage nach Arbeitskr&auml;ften gr&ouml;&szlig;er ist als das Angebot. In einem geschlossenen Wirtschaftskreislauf, wie ihn die <strong>HUMAN<\/strong>WIRTSCHAFT sicherstellt, kann es prinzipiell keine unfreiwillige Arbeitslosigkeit geben, weil jedes Angebot, das ein tats&auml;chliches Bed&uuml;rfnis befriedigt, seine Nachfrage findet.<\/p>\n\n\n\n<p>Jeder einzelne Mensch bestimmt selbst, wieviel und wie lange er arbeiten will. Mit unterschiedlichen Arbeitszeit- und Erfolgsbeteiligungsmodellen werden sich die Unternehmen bem&uuml;hen, f&auml;hige Mitarbeiter an sich zu binden. Das wird notwendig sein, weil die abh&auml;ngig Besch&auml;ftigten sich bei Zinsen nahe Null jederzeit mit &bdquo;billigem&ldquo; Geld selbst&auml;ndig machen k&ouml;nnen.<\/p>\n\n\n\n<p>Bei einem niedrigen Zinsniveau lassen sich alle gesellschaftlich sinnvollen Projekte realisieren &ndash; wie z.B. &ouml;kologische Projekte &ndash;, wenn sie langfristig kostendeckend sind. Dies und die steigende Nachfrage nach G&uuml;tern und Dienstleistungen, l&auml;sst zunehmend Arbeitspl&auml;tze entstehen, bis alle unfreiwillig Arbeitslosen in Lohn und Brot sind.<\/p>\n\n\n\n<p>Im Endeffekt entspricht die Nachfrage nach Arbeitskr&auml;ften dem Angebot: Vollbesch&auml;ftigung ist erreicht.<br>Ein h&ouml;herer Verdienst bei sinkenden Lohnnebenkosten &ndash; da weniger Kosten f&uuml;r Arbeitslosen- und Krankenversicherung anfallen &ndash; wird zu sp&uuml;rbaren Verk&uuml;rzungen der versicherungspflichtigen Erwerbsarbeit f&uuml;hren. Dadurch wird die Grundlage daf&uuml;r geschaffen, dass andere Aktivit&auml;ten das famili&auml;re oder gesellschaftliche Leben bereichern, die nicht unmittelbar in physikalischen Einheiten auszudr&uuml;cken sind.<\/p>\n\n\n\n<p>Prinzipiell verbessern sich nicht nur die Erwerbsarbeitbedingungen, sondern auch die Auswahlm&ouml;glichkeiten in Hinsicht auf die pers&ouml;nlichen Neigungen. Da Arbeit, die gerne gemacht wird, besser und schneller erledigt wird als solche, die nur ungern getan wird, wird das Leistungsniveau der Volkswirtschaft, die Produktivit&auml;t, stark ansteigen.<\/p>\n\n\n\n<p>Geringere Arbeitszeiten und die volle Bezahlung ihrer Arbeit l&auml;sst die Menschen stressfrei, einfallsreich und ohne Angst vor der Zukunft ihren Gesch&auml;ften nachgehen.<\/p>\n\n\n\n<h3 class=\"wp-block-heading\">Verm&ouml;gensbildung<\/h3>\n\n\n\n<p>Die Verm&ouml;gensbildung wird in der HUMANWIRTSCHAFT f&uuml;r alle B&uuml;rger durch h&ouml;here und dauerhafte Einkommen sowie durch die Wertbest&auml;ndigkeit der Spareinlagen beg&uuml;nstigt.<\/p>\n\n\n\n<h3 class=\"wp-block-heading\">Entlastung f&uuml;r Mensch und Natur<\/h3>\n\n\n\n<p>H&ouml;here L&ouml;hne wirken sich sofort auf die Ausweitung der Produktion in Hinsicht auf Qualit&auml;t aus. &Uuml;bersch&uuml;ssiges Geld dr&auml;ngt nat&uuml;rlicherweise in den Kauf h&ouml;herwertiger, qualitativ besserer Produkte und erzwingt dadurch deren Herstellung. Dieser Drang wirkt sich positiv auf die Ressourcennutzung und damit auf unsere Lebensgrundlagen aus. Die unter dem Stichwort &bdquo;Wegwerfgesellschaft&ldquo; bekannt gewordene kapitalismusbedingte Fehlentwicklung h&ouml;rt auf.<\/p>\n\n\n\n<div class=\"wp-block-button alignright is-style-outline is-style-outline--1\"><a class=\"wp-block-button__link has-background has-vivid-green-cyan-background-color\" href=\"http:\/\/humanwirtschaftspartei.de\/?page_id=866\" style=\"border-radius:10px\">Rundgang<\/a><\/div>\n","protected":false},"excerpt":{"rendered":"<p>Der Handlungsbedarf Der gr\u00f6\u00dfte Nachteil unseres derzeitigen Geldes ist, dass es nicht nur die \u00f6ffentliche Einrichtung &#8220;Allgemeines Tauschmittel&#8221;&nbsp;ist, sondern dass es gleichzeitig v\u00f6llig legal dem &hellip; <\/p>\n","protected":false},"author":238,"featured_media":0,"parent":847,"menu_order":0,"comment_status":"closed","ping_status":"closed","template":"","meta":{"_coblocks_attr":"","_coblocks_dimensions":"","_coblocks_responsive_height":"","_coblocks_accordion_ie_support":"","_uag_custom_page_level_css":"","advgb_blocks_editor_width":"","advgb_blocks_columns_visual_guide":"","footnotes":""},"class_list":["post-850","page","type-page","status-publish","hentry"],"uagb_featured_image_src":{"full":false,"thumbnail":false,"medium":false,"medium_large":false,"large":false,"tf-client-image-size":false,"1536x1536":false,"2048x2048":false,"bam-large":false,"bam-featured":false,"bam-list":false,"bam-thumb":false,"bam-small":false,"mailpoet_newsletter_max":false,"audioigniter_cover":false,"tptn_thumbnail":false},"uagb_author_info":{"display_name":"Web Master","author_link":"https:\/\/humanwirtschaftspartei.de\/?author=238"},"uagb_comment_info":0,"uagb_excerpt":"Der Handlungsbedarf Der gr\u00f6\u00dfte Nachteil unseres derzeitigen Geldes ist, dass es nicht nur die \u00f6ffentliche Einrichtung &#8220;Allgemeines Tauschmittel&#8221;&nbsp;ist, sondern dass es gleichzeitig v\u00f6llig legal dem &hellip;","coauthors":[],"author_meta":{"author_link":"https:\/\/humanwirtschaftspartei.de\/?author=238","display_name":"Web Master"},"relative_dates":{"created":"Ver\u00f6ffentlicht 12\u00a0Jahren vor","modified":"Aktualisiert 6\u00a0Jahren vor"},"absolute_dates":{"created":"Ver\u00f6ffentlicht am 31. Januar 2014","modified":"Aktualisiert am 9. Dezember 2019"},"absolute_dates_time":{"created":"Ver\u00f6ffentlicht am 31. Januar 2014 17:05","modified":"Aktualisiert am 9. Dezember 2019 10:53"},"featured_img_caption":"","featured_img":false,"series_order":"","_links":{"self":[{"href":"https:\/\/humanwirtschaftspartei.de\/index.php?rest_route=\/wp\/v2\/pages\/850","targetHints":{"allow":["GET"]}}],"collection":[{"href":"https:\/\/humanwirtschaftspartei.de\/index.php?rest_route=\/wp\/v2\/pages"}],"about":[{"href":"https:\/\/humanwirtschaftspartei.de\/index.php?rest_route=\/wp\/v2\/types\/page"}],"author":[{"embeddable":true,"href":"https:\/\/humanwirtschaftspartei.de\/index.php?rest_route=\/wp\/v2\/users\/238"}],"replies":[{"embeddable":true,"href":"https:\/\/humanwirtschaftspartei.de\/index.php?rest_route=%2Fwp%2Fv2%2Fcomments&post=850"}],"version-history":[{"count":1,"href":"https:\/\/humanwirtschaftspartei.de\/index.php?rest_route=\/wp\/v2\/pages\/850\/revisions"}],"predecessor-version":[{"id":18314,"href":"https:\/\/humanwirtschaftspartei.de\/index.php?rest_route=\/wp\/v2\/pages\/850\/revisions\/18314"}],"up":[{"embeddable":true,"href":"https:\/\/humanwirtschaftspartei.de\/index.php?rest_route=\/wp\/v2\/pages\/847"}],"wp:attachment":[{"href":"https:\/\/humanwirtschaftspartei.de\/index.php?rest_route=%2Fwp%2Fv2%2Fmedia&parent=850"}],"curies":[{"name":"wp","href":"https:\/\/api.w.org\/{rel}","templated":true}]}}