{"id":882,"date":"2014-02-11T12:00:57","date_gmt":"2014-02-11T10:00:57","guid":{"rendered":"http:\/\/humanwirtschaftspartei.de\/?page_id=882"},"modified":"2019-12-09T09:27:45","modified_gmt":"2019-12-09T07:27:45","slug":"3-6-soziale-absicherung","status":"publish","type":"page","link":"https:\/\/humanwirtschaftspartei.de\/?page_id=882","title":{"rendered":"3.6. Soziale Absicherung"},"content":{"rendered":"\n<p>In der <b>HUMAN<\/b><span style=\"font-family: Arial;\">WIRTSCHAFT<\/span> verf&uuml;gen alle Arbeitenden &uuml;ber ihren vollen Arbeitsertrag.<\/p>\n\n\n\n<p>Dadurch werden sie in die Lage versetzt, eigenst&auml;ndig f&uuml;r ihr Alter zu sparen und f&uuml;r Notsituationen Vorsorge zu treffen. Dies ist gew&auml;hrleistet, weil langfristig angelegtes Geld kaufkraftbest&auml;ndig verwaltet und nicht durch Inflation entwertet wird.<\/p>\n\n\n\n<p>Wem es nicht m&ouml;glich ist, selbst f&uuml;r den eigenen Unterhalt zu sorgen, dem wird durch die Gemeinschaft geholfen werden. Die soziale Absicherung ist in der <b>HUMAN<\/b><span style=\"font-family: Arial;\">WIRTSCHAFT<\/span> garantiert.<\/p>\n\n\n\n<div class=\"wp-block-button alignright is-style-outline is-style-outline--1\"><a class=\"wp-block-button__link has-background has-vivid-green-cyan-background-color\" href=\"http:\/\/humanwirtschaftspartei.de\/?page_id=884\" style=\"border-radius:10px\">Rundgang<\/a><\/div>\n","protected":false},"excerpt":{"rendered":"<p>In der HUMANWIRTSCHAFT verf\u00fcgen alle Arbeitenden \u00fcber ihren vollen Arbeitsertrag. Dadurch werden sie in die Lage versetzt, eigenst\u00e4ndig f\u00fcr ihr Alter zu sparen und f\u00fcr &hellip; <\/p>\n","protected":false},"author":238,"featured_media":0,"parent":870,"menu_order":0,"comment_status":"closed","ping_status":"closed","template":"","meta":{"_coblocks_attr":"","_coblocks_dimensions":"","_coblocks_responsive_height":"","_coblocks_accordion_ie_support":"","_uag_custom_page_level_css":"","advgb_blocks_editor_width":"","advgb_blocks_columns_visual_guide":"","footnotes":""},"class_list":["post-882","page","type-page","status-publish","hentry"],"uagb_featured_image_src":{"full":false,"thumbnail":false,"medium":false,"medium_large":false,"large":false,"tf-client-image-size":false,"1536x1536":false,"2048x2048":false,"bam-large":false,"bam-featured":false,"bam-list":false,"bam-thumb":false,"bam-small":false,"mailpoet_newsletter_max":false,"audioigniter_cover":false,"tptn_thumbnail":false},"uagb_author_info":{"display_name":"Web Master","author_link":"https:\/\/humanwirtschaftspartei.de\/?author=238"},"uagb_comment_info":0,"uagb_excerpt":"In der HUMANWIRTSCHAFT verf\u00fcgen alle Arbeitenden \u00fcber ihren vollen Arbeitsertrag. Dadurch werden sie in die Lage versetzt, eigenst\u00e4ndig f\u00fcr ihr Alter zu sparen und f\u00fcr &hellip;","coauthors":[],"author_meta":{"author_link":"https:\/\/humanwirtschaftspartei.de\/?author=238","display_name":"Web Master"},"relative_dates":{"created":"Ver\u00f6ffentlicht 12\u00a0Jahren vor","modified":"Aktualisiert 6\u00a0Jahren vor"},"absolute_dates":{"created":"Ver\u00f6ffentlicht am 11. Februar 2014","modified":"Aktualisiert am 9. Dezember 2019"},"absolute_dates_time":{"created":"Ver\u00f6ffentlicht am 11. Februar 2014 12:00","modified":"Aktualisiert am 9. Dezember 2019 9:27"},"featured_img_caption":"","featured_img":false,"series_order":"","_links":{"self":[{"href":"https:\/\/humanwirtschaftspartei.de\/index.php?rest_route=\/wp\/v2\/pages\/882","targetHints":{"allow":["GET"]}}],"collection":[{"href":"https:\/\/humanwirtschaftspartei.de\/index.php?rest_route=\/wp\/v2\/pages"}],"about":[{"href":"https:\/\/humanwirtschaftspartei.de\/index.php?rest_route=\/wp\/v2\/types\/page"}],"author":[{"embeddable":true,"href":"https:\/\/humanwirtschaftspartei.de\/index.php?rest_route=\/wp\/v2\/users\/238"}],"replies":[{"embeddable":true,"href":"https:\/\/humanwirtschaftspartei.de\/index.php?rest_route=%2Fwp%2Fv2%2Fcomments&post=882"}],"version-history":[{"count":2,"href":"https:\/\/humanwirtschaftspartei.de\/index.php?rest_route=\/wp\/v2\/pages\/882\/revisions"}],"predecessor-version":[{"id":18302,"href":"https:\/\/humanwirtschaftspartei.de\/index.php?rest_route=\/wp\/v2\/pages\/882\/revisions\/18302"}],"up":[{"embeddable":true,"href":"https:\/\/humanwirtschaftspartei.de\/index.php?rest_route=\/wp\/v2\/pages\/870"}],"wp:attachment":[{"href":"https:\/\/humanwirtschaftspartei.de\/index.php?rest_route=%2Fwp%2Fv2%2Fmedia&parent=882"}],"curies":[{"name":"wp","href":"https:\/\/api.w.org\/{rel}","templated":true}]}}