{"id":890,"date":"2014-02-11T12:05:15","date_gmt":"2014-02-11T10:05:15","guid":{"rendered":"http:\/\/humanwirtschaftspartei.de\/?page_id=890"},"modified":"2019-12-09T10:39:27","modified_gmt":"2019-12-09T08:39:27","slug":"3-10-forschung-technik","status":"publish","type":"page","link":"https:\/\/humanwirtschaftspartei.de\/?page_id=890","title":{"rendered":"3.10. Forschung &#038; Technik"},"content":{"rendered":"\n<p>Freigeld bewirkt, im Gegensatz zu planwirtschaftlichen Ans&auml;tzen, viel st&auml;rkere Anreize zum Erforschen von Techniken, die das &Uuml;berleben der Menschheit langfristig sichern.<\/p>\n\n\n\n<p>L&ouml;sungskonzepte m&uuml;ssen unter Freigeldbedingungen nur noch wirtschaftlich und nicht l&auml;nger profitabel sein. Die Wissenschaften und die Entwicklung der Technik liegen in privater Hand und orientieren sich an den Bed&uuml;rfnissen der Menschen. Von staatlicher Seite werden lediglich Auflagen erteilt, um sch&auml;dliche Entwicklungen zu unterbinden.<\/p>\n\n\n\n<p>So&nbsp;gibt es in der <b>HUMAN<\/b><span style=\"font-family: Arial;\">WIRTSCHAFT<\/span>&nbsp;beispielsweise eine neugeregeltes Patentrecht, so dass Patente nicht l&auml;nger dazu missbraucht werden k&ouml;nnen, Wirtschaft und Gesellschaft auf lizenzrechtlichem Weg mit &uuml;berh&ouml;hten Kosten zu belasten. Die Neugestaltung des Patentrechts minimiert&nbsp;Missbrauchsm&ouml;glichkeiten mit diesem Recht.<\/p>\n\n\n\n<p>Das Patentrecht l&auml;sst&nbsp;einerseits den Erfindern die Fr&uuml;chte ihrer sch&ouml;pferischen Leistungen zukommen und begrenzt andererseits diesen monopolartigen Schutz im &ouml;ffentlichen Interesse.<\/p>\n\n\n\n<p>Patentf&auml;hig&nbsp;sind nur echte Erfindungen und nicht etwa Natursequenzen wie genetische Codes (Genome).<\/p>\n\n\n\n<p>Eine Patenterteilung erfolgt, nach den entsprechenden Pr&uuml;fungen, nur an nat&uuml;rliche Personen, damit Erfinder nicht von Unternehmen mit einer &bdquo;Pr&auml;mie f&uuml;r einen Verbesserungsvorschlag&ldquo; abgespeist werden k&ouml;nnen. Die Geb&uuml;hren f&uuml;r Patente werden deutlich billiger sein als heute, damit der Anreiz zur kreativen Leistung nicht von den Verm&ouml;gensverh&auml;ltnissen bestimmt wird.<\/p>\n\n\n\n<div class=\"wp-block-button alignright is-style-outline is-style-outline--1\"><a class=\"wp-block-button__link has-background has-vivid-green-cyan-background-color\" href=\"http:\/\/humanwirtschaftspartei.de\/?page_id=892%22%5D\" style=\"border-radius:10px\">Rundgang<\/a><\/div>\n","protected":false},"excerpt":{"rendered":"<p>Freigeld bewirkt, im Gegensatz zu planwirtschaftlichen Ans\u00e4tzen, viel st\u00e4rkere Anreize zum Erforschen von Techniken, die das \u00dcberleben der Menschheit langfristig sichern. L\u00f6sungskonzepte m\u00fcssen unter Freigeldbedingungen &hellip; <\/p>\n","protected":false},"author":238,"featured_media":0,"parent":870,"menu_order":0,"comment_status":"closed","ping_status":"closed","template":"","meta":{"_coblocks_attr":"","_coblocks_dimensions":"","_coblocks_responsive_height":"","_coblocks_accordion_ie_support":"","_uag_custom_page_level_css":"","advgb_blocks_editor_width":"","advgb_blocks_columns_visual_guide":"","footnotes":""},"class_list":["post-890","page","type-page","status-publish","hentry"],"uagb_featured_image_src":{"full":false,"thumbnail":false,"medium":false,"medium_large":false,"large":false,"tf-client-image-size":false,"1536x1536":false,"2048x2048":false,"bam-large":false,"bam-featured":false,"bam-list":false,"bam-thumb":false,"bam-small":false,"mailpoet_newsletter_max":false,"audioigniter_cover":false,"tptn_thumbnail":false},"uagb_author_info":{"display_name":"Web Master","author_link":"https:\/\/humanwirtschaftspartei.de\/?author=238"},"uagb_comment_info":0,"uagb_excerpt":"Freigeld bewirkt, im Gegensatz zu planwirtschaftlichen Ans\u00e4tzen, viel st\u00e4rkere Anreize zum Erforschen von Techniken, die das \u00dcberleben der Menschheit langfristig sichern. L\u00f6sungskonzepte m\u00fcssen unter Freigeldbedingungen &hellip;","coauthors":[],"author_meta":{"author_link":"https:\/\/humanwirtschaftspartei.de\/?author=238","display_name":"Web Master"},"relative_dates":{"created":"Ver\u00f6ffentlicht 12\u00a0Jahren vor","modified":"Aktualisiert 6\u00a0Jahren vor"},"absolute_dates":{"created":"Ver\u00f6ffentlicht am 11. Februar 2014","modified":"Aktualisiert am 9. Dezember 2019"},"absolute_dates_time":{"created":"Ver\u00f6ffentlicht am 11. Februar 2014 12:05","modified":"Aktualisiert am 9. Dezember 2019 10:39"},"featured_img_caption":"","featured_img":false,"series_order":"","_links":{"self":[{"href":"https:\/\/humanwirtschaftspartei.de\/index.php?rest_route=\/wp\/v2\/pages\/890","targetHints":{"allow":["GET"]}}],"collection":[{"href":"https:\/\/humanwirtschaftspartei.de\/index.php?rest_route=\/wp\/v2\/pages"}],"about":[{"href":"https:\/\/humanwirtschaftspartei.de\/index.php?rest_route=\/wp\/v2\/types\/page"}],"author":[{"embeddable":true,"href":"https:\/\/humanwirtschaftspartei.de\/index.php?rest_route=\/wp\/v2\/users\/238"}],"replies":[{"embeddable":true,"href":"https:\/\/humanwirtschaftspartei.de\/index.php?rest_route=%2Fwp%2Fv2%2Fcomments&post=890"}],"version-history":[{"count":1,"href":"https:\/\/humanwirtschaftspartei.de\/index.php?rest_route=\/wp\/v2\/pages\/890\/revisions"}],"predecessor-version":[{"id":18311,"href":"https:\/\/humanwirtschaftspartei.de\/index.php?rest_route=\/wp\/v2\/pages\/890\/revisions\/18311"}],"up":[{"embeddable":true,"href":"https:\/\/humanwirtschaftspartei.de\/index.php?rest_route=\/wp\/v2\/pages\/870"}],"wp:attachment":[{"href":"https:\/\/humanwirtschaftspartei.de\/index.php?rest_route=%2Fwp%2Fv2%2Fmedia&parent=890"}],"curies":[{"name":"wp","href":"https:\/\/api.w.org\/{rel}","templated":true}]}}