{"id":956,"date":"2014-02-11T13:18:03","date_gmt":"2014-02-11T11:18:03","guid":{"rendered":"http:\/\/humanwirtschaftspartei.de\/?page_id=956"},"modified":"2024-07-14T00:38:46","modified_gmt":"2024-07-13T22:38:46","slug":"partei-grundsatzprogramm","status":"publish","type":"page","link":"https:\/\/humanwirtschaftspartei.de\/?page_id=956","title":{"rendered":"Grundsatzprogramm"},"content":{"rendered":"\n<blockquote class=\"wp-block-quote has-text-align-right is-layout-flow wp-block-quote-is-layout-flow\">\n<p>&bdquo;Die Schaffung eines Geldes,<br>das sich nicht horten l&auml;sst,<br>w&uuml;rde zur Bildung von Eigentum<br>in wesentlicherer Form f&uuml;hren.&ldquo;<\/p>\n<cite>Albert Einstein<\/cite><\/blockquote>\n\n\n\n<p><a name=\"Einleitung\"><\/a>Grundsatzprogramm<\/p>\n\n\n\n<div data-wp-interactive=\"core\/file\" class=\"wp-block-file\"><object data-wp-bind--hidden=\"!state.hasPdfPreview\" hidden class=\"wp-block-file__embed\" data=\"http:\/\/humanwirtschaftspartei.de\/wp-content\/uploads\/2024\/07\/Grundsatzprogramm.pdf\" type=\"application\/pdf\" style=\"width:100%;height:1150px\" aria-label=\"Einbettung von Grundsatzprogramm.\"><\/object><a id=\"wp-block-file--media-142c5fce-7a42-4302-aa4a-0400dc2906ac\" href=\"http:\/\/humanwirtschaftspartei.de\/wp-content\/uploads\/2024\/07\/Grundsatzprogramm.pdf\" target=\"_blank\" rel=\"noreferrer noopener\">Grundsatzprogramm<\/a><a href=\"http:\/\/humanwirtschaftspartei.de\/wp-content\/uploads\/2024\/07\/Grundsatzprogramm.pdf\" class=\"wp-block-file__button wp-element-button\" download aria-describedby=\"wp-block-file--media-142c5fce-7a42-4302-aa4a-0400dc2906ac\">Herunterladen<\/a><\/div>\n","protected":false},"excerpt":{"rendered":"<p>\u201eDie Schaffung eines Geldes,das sich nicht horten l\u00e4sst,w\u00fcrde zur Bildung von Eigentumin wesentlicherer Form f\u00fchren.\u201c Albert Einstein Grundsatzprogramm<\/p>\n","protected":false},"author":238,"featured_media":0,"parent":961,"menu_order":4,"comment_status":"closed","ping_status":"closed","template":"","meta":{"_coblocks_attr":"","_coblocks_dimensions":"","_coblocks_responsive_height":"","_coblocks_accordion_ie_support":"","_uag_custom_page_level_css":"","advgb_blocks_editor_width":"","advgb_blocks_columns_visual_guide":"","footnotes":""},"class_list":["post-956","page","type-page","status-publish","hentry"],"uagb_featured_image_src":{"full":false,"thumbnail":false,"medium":false,"medium_large":false,"large":false,"tf-client-image-size":false,"1536x1536":false,"2048x2048":false,"bam-large":false,"bam-featured":false,"bam-list":false,"bam-thumb":false,"bam-small":false,"mailpoet_newsletter_max":false,"audioigniter_cover":false,"tptn_thumbnail":false},"uagb_author_info":{"display_name":"Web Master","author_link":"https:\/\/humanwirtschaftspartei.de\/?author=238"},"uagb_comment_info":0,"uagb_excerpt":"\u201eDie Schaffung eines Geldes,das sich nicht horten l\u00e4sst,w\u00fcrde zur Bildung von Eigentumin wesentlicherer Form f\u00fchren.\u201c Albert Einstein Grundsatzprogramm","coauthors":[],"author_meta":{"author_link":"https:\/\/humanwirtschaftspartei.de\/?author=238","display_name":"Web Master"},"relative_dates":{"created":"Ver\u00f6ffentlicht 12\u00a0Jahren vor","modified":"Aktualisiert 2\u00a0Jahren vor"},"absolute_dates":{"created":"Ver\u00f6ffentlicht am 11. Februar 2014","modified":"Aktualisiert am 14. Juli 2024"},"absolute_dates_time":{"created":"Ver\u00f6ffentlicht am 11. Februar 2014 13:18","modified":"Aktualisiert am 14. Juli 2024 0:38"},"featured_img_caption":"","featured_img":false,"series_order":"","_links":{"self":[{"href":"https:\/\/humanwirtschaftspartei.de\/index.php?rest_route=\/wp\/v2\/pages\/956","targetHints":{"allow":["GET"]}}],"collection":[{"href":"https:\/\/humanwirtschaftspartei.de\/index.php?rest_route=\/wp\/v2\/pages"}],"about":[{"href":"https:\/\/humanwirtschaftspartei.de\/index.php?rest_route=\/wp\/v2\/types\/page"}],"author":[{"embeddable":true,"href":"https:\/\/humanwirtschaftspartei.de\/index.php?rest_route=\/wp\/v2\/users\/238"}],"replies":[{"embeddable":true,"href":"https:\/\/humanwirtschaftspartei.de\/index.php?rest_route=%2Fwp%2Fv2%2Fcomments&post=956"}],"version-history":[{"count":3,"href":"https:\/\/humanwirtschaftspartei.de\/index.php?rest_route=\/wp\/v2\/pages\/956\/revisions"}],"predecessor-version":[{"id":21474,"href":"https:\/\/humanwirtschaftspartei.de\/index.php?rest_route=\/wp\/v2\/pages\/956\/revisions\/21474"}],"up":[{"embeddable":true,"href":"https:\/\/humanwirtschaftspartei.de\/index.php?rest_route=\/wp\/v2\/pages\/961"}],"wp:attachment":[{"href":"https:\/\/humanwirtschaftspartei.de\/index.php?rest_route=%2Fwp%2Fv2%2Fmedia&parent=956"}],"curies":[{"name":"wp","href":"https:\/\/api.w.org\/{rel}","templated":true}]}}