{"id":981,"date":"2014-02-11T14:08:29","date_gmt":"2014-02-11T12:08:29","guid":{"rendered":"http:\/\/humanwirtschaftspartei.de\/?page_id=981"},"modified":"2024-07-15T19:39:35","modified_gmt":"2024-07-15T17:39:35","slug":"partei-geschichte-silvio-gesell","status":"publish","type":"page","link":"https:\/\/humanwirtschaftspartei.de\/?page_id=981","title":{"rendered":"Silvio Gesell"},"content":{"rendered":"\n<h3 class=\"wp-block-heading margin-down\">Silvio Gesell<\/h3>\n\n\n\n<p> Silvio Gesell&nbsp;war zun&auml;chst als kaufm&auml;nnischer Angestellter t&auml;tig, siedelte dann nach Argentinien &uuml;ber und er&ouml;ffnete 1887 in Buenos Aires ein Gesch&auml;ft f&uuml;r zahn&auml;rztliche Artikel. Die dortige Finanzkrise veranlasste ihn ab 1890 zu privaten volkswirtschaftlichen Studien und empirischen Beobachtungen des Verlaufs von Inflation und Deflation.<\/p>\n\n\n\n<p>Zug um Zug entwickelte er als Autodidakt seine monet&auml;re Krisentheorie: W&auml;hrungsstabilit&auml;t lasse sich nur durch die Anpassung der zirkulierenden Geldmenge an das Warenangebot erreichen. Eine derartige Anpassung setze aber voraus, dass das Geld best&auml;ndig &bdquo;rollt&ldquo;. Geldhortung f&uuml;hre zur krisenhaften Hemmung des Warenaustausches und biete &uuml;berdies die M&ouml;glichkeit, Zins zu &bdquo;erpressen&ldquo;, also leistungsloses Einkommen zu erzielen; dadurch erst erhalte die Warenzirkulation ihren kapitalistischen, n&auml;mlich unsozialen und ausbeuterischen Charakter.<\/p>\n\n\n\n<p>Sp&auml;ter befasste er sich auch mit der Bodenfrage und erg&auml;nzte seine Krisentheorie: Krisen seien Ausdruck gest&ouml;rter Tauschbeziehungen, die Disproportionalit&auml;ten beruhten auf dem Besitz von (Zinsen bringendem) Geld und von Boden. Die Prophylaxe lautete folglich: Vergesellschaftung des Bodens und Nutzung auf dem Wege der Erbpacht (&bdquo;Freiland&ldquo;); Beseitigung der Eigenschaft des Geldes, Zinsen zu tragen (&bdquo;Freigeld&ldquo;). 1916 erschien das Hauptwerk Silvio Gesells, die &bdquo;Nat&uuml;rliche Wirtschaftsordnung durch Freiland und Freigeld&ldquo; (NWO). 1919 wirkte Gesell zehn Tage lang als Volksbeauftragter f&uuml;r Finanzen der Bayerischen R&auml;teregierung.<\/p>\n","protected":false},"excerpt":{"rendered":"<p>Silvio Gesell Silvio Gesell&nbsp;war zun\u00e4chst als kaufm\u00e4nnischer Angestellter t\u00e4tig, siedelte dann nach Argentinien \u00fcber und er\u00f6ffnete 1887 in Buenos Aires ein Gesch\u00e4ft f\u00fcr zahn\u00e4rztliche Artikel. &hellip; <\/p>\n","protected":false},"author":238,"featured_media":0,"parent":947,"menu_order":0,"comment_status":"closed","ping_status":"closed","template":"","meta":{"_coblocks_attr":"","_coblocks_dimensions":"","_coblocks_responsive_height":"","_coblocks_accordion_ie_support":"","_uag_custom_page_level_css":"","advgb_blocks_editor_width":"","advgb_blocks_columns_visual_guide":"","footnotes":""},"class_list":["post-981","page","type-page","status-publish","hentry"],"uagb_featured_image_src":{"full":false,"thumbnail":false,"medium":false,"medium_large":false,"large":false,"tf-client-image-size":false,"1536x1536":false,"2048x2048":false,"bam-large":false,"bam-featured":false,"bam-list":false,"bam-thumb":false,"bam-small":false,"mailpoet_newsletter_max":false,"audioigniter_cover":false,"tptn_thumbnail":false},"uagb_author_info":{"display_name":"Web Master","author_link":"https:\/\/humanwirtschaftspartei.de\/?author=238"},"uagb_comment_info":0,"uagb_excerpt":"Silvio Gesell Silvio Gesell&nbsp;war zun\u00e4chst als kaufm\u00e4nnischer Angestellter t\u00e4tig, siedelte dann nach Argentinien \u00fcber und er\u00f6ffnete 1887 in Buenos Aires ein Gesch\u00e4ft f\u00fcr zahn\u00e4rztliche Artikel. &hellip;","coauthors":[],"author_meta":{"author_link":"https:\/\/humanwirtschaftspartei.de\/?author=238","display_name":"Web Master"},"relative_dates":{"created":"Ver\u00f6ffentlicht 12\u00a0Jahren vor","modified":"Aktualisiert 2\u00a0Jahren vor"},"absolute_dates":{"created":"Ver\u00f6ffentlicht am 11. Februar 2014","modified":"Aktualisiert am 15. Juli 2024"},"absolute_dates_time":{"created":"Ver\u00f6ffentlicht am 11. Februar 2014 14:08","modified":"Aktualisiert am 15. Juli 2024 19:39"},"featured_img_caption":"","featured_img":false,"series_order":"","_links":{"self":[{"href":"https:\/\/humanwirtschaftspartei.de\/index.php?rest_route=\/wp\/v2\/pages\/981","targetHints":{"allow":["GET"]}}],"collection":[{"href":"https:\/\/humanwirtschaftspartei.de\/index.php?rest_route=\/wp\/v2\/pages"}],"about":[{"href":"https:\/\/humanwirtschaftspartei.de\/index.php?rest_route=\/wp\/v2\/types\/page"}],"author":[{"embeddable":true,"href":"https:\/\/humanwirtschaftspartei.de\/index.php?rest_route=\/wp\/v2\/users\/238"}],"replies":[{"embeddable":true,"href":"https:\/\/humanwirtschaftspartei.de\/index.php?rest_route=%2Fwp%2Fv2%2Fcomments&post=981"}],"version-history":[{"count":2,"href":"https:\/\/humanwirtschaftspartei.de\/index.php?rest_route=\/wp\/v2\/pages\/981\/revisions"}],"predecessor-version":[{"id":21498,"href":"https:\/\/humanwirtschaftspartei.de\/index.php?rest_route=\/wp\/v2\/pages\/981\/revisions\/21498"}],"up":[{"embeddable":true,"href":"https:\/\/humanwirtschaftspartei.de\/index.php?rest_route=\/wp\/v2\/pages\/947"}],"wp:attachment":[{"href":"https:\/\/humanwirtschaftspartei.de\/index.php?rest_route=%2Fwp%2Fv2%2Fmedia&parent=981"}],"curies":[{"name":"wp","href":"https:\/\/api.w.org\/{rel}","templated":true}]}}